{"id":22,"date":"2021-11-28T13:00:25","date_gmt":"2021-11-28T12:00:25","guid":{"rendered":"https:\/\/junge-union-goslar.de\/wordpress\/?page_id=22"},"modified":"2021-11-28T13:00:31","modified_gmt":"2021-11-28T12:00:31","slug":"grundsaetze","status":"publish","type":"page","link":"https:\/\/junge-union-goslar.de\/wordpress\/die-ju\/grundsaetze\/","title":{"rendered":"Grunds\u00e4tze"},"content":{"rendered":"<div class=\"cduPostContent\">\n<p>Die Grunds\u00e4tze der Jungen Union \u2013 im Kreis- und Stadtverband Goslar und orientieren sich an der Deutschen Leitkultur, die f\u00fchrendes Kennzeichen und verbindendes Element unserer Gesellschaft bleiben muss. Wir verstehen sie als eine Definition der folgenden, pr\u00e4genden Merkmale:<\/p>\n<p>a. Deutsche Sprache, weil sie die Basis der Kommunikation in Deutschland darstellt und ein Spiegelbild unserer geschichtlichen Entwicklung darstellt.<\/p>\n<p>b. Flei\u00df, weil Flei\u00df insbesondere seit dem Wideraufbau nach dem 2. Weltkrieg als eine der wichtigsten Tugenden gilt und als Grundlage f\u00fcr Wohlstand eines jeden B\u00fcrgers und des gesamten Staates anerkannt ist.<\/p>\n<p>c. Verantwortungsbewusstsein, weil ein wesentlicher Teil des Deutschen Volkes sich seiner gesellschaftlichen Verantwortung bewusst ist, und sich folglich zum Zweck des b\u00fcrgerlichen Gemeinwohls ehrenamtlich engagiert.<\/p>\n<p>d. Christlicher Glaube, weil er wichtiger Teil unserer Geschichte ist, und die aus ihm resultierenden Werte das Fundament unseres Landes und Kontinents darstellen.<\/p>\n<p>e. Aufkl\u00e4rung, weil in unserer Gesellschaft Platz f\u00fcr individuelle Geistesentfaltung ist und es sich beim Deutschen Volk nicht um eine homogene Masse autorit\u00e4r gelenkter Menschen, sondern um einen gemeinschaftlichen Verband frei denkender Individuen handelt. Die Gew\u00e4hrleistung der daraus resultierenden Rechte muss auch k\u00fcnftig von Mitb\u00fcrgern uns Staat geachtet werden.<\/p>\n<p>f. Regionale Pr\u00e4gung mit Heimatverbundenheit, weil Heimatverbundenheit zu Verantwortungsbewusstsein gegen\u00fcber der nahen Umgebung und Heimat motiviert und die historischen und kulturellen Unterschiede zwischen den Regionen wichtiges Merkmal Deutschlands sind.<\/p>\n<p>g. Nationalstolz, weil das Deutsche Volk durch Vaterlandsliebe und Patriotismus gest\u00e4rkt, gefestigt und geeint ist.<\/p>\n<p>h. Grundrechte, weil sie elementare und unver\u00e4u\u00dferliche Rechte eines jeden Menschen sind, deren gegenseitige Achtung Grundlage des rechtsstaatlichen Zusammenlebens des Deutschen Volkes ist.<\/p>\n<p>i. Deutsche Geschichte, weil sie unsere gemeinsame Vergangenheit und Herkunft darstellt. Nur durch die richtigen und falschen Entscheidungen, die unsere Ahnen trafen, ziehen wir Konsequenzen f\u00fcr unsere Zukunft. Deutsche Geschichte sind die Lichtblicke und die Schattenseiten. Sie zu leugnen, bedeutet, dass wir uns selbst verleugnen.<\/p>\n<p>j. Respekt zwischen den Generationen, weil unser t\u00e4gliches Miteinander darauf beruht, die Lebenslagen, Leistungen und Ziele jedes Einzelnen anzuerkennen. Insbesondere in Familien \u00e4u\u00dfert sich dieser Respekt als eine t\u00e4tige Unterst\u00fctzung von Generation zu Generation.<\/p>\n<p>k. Familienfreundlichkeit, weil die Familie die favorisierte Lebensform in unserer Gesellschaft darstellt, in der Kinder versorgt und auf das Leben vorbereitet werden. Ihre Notwendigkeit zum Selbsterhalt des Deutschen Volkes ist tief in unserem Bewusstsein verankert.<\/p>\n<p>l. Gleichberechtigung, weil sie eine Basis f\u00fcr unser Leben in Frieden und Freiheit darstellt. Grundlage hierf\u00fcr ist, dass alle Deutschen, die gleiche Voraussetzungen haben, gleiche Chancen haben, sich in Deutschland zu verwirklichen.<\/p>\n<p>m. Weibliche Emanzipation, weil es im Deutschen Volk kein Geschlecht zweiter Klasse gibt. Frauen sind M\u00e4nnern auf allen Ebenen gleichwertig.<\/p>\n<p>n. Friedliche Konfliktl\u00f6sungsf\u00e4higkeit, weil sie als Teil unseres Demokratieverst\u00e4ndnisses, ein auf Kompromiss- und Konsensbildung abzielendes Selbstverst\u00e4ndnis eines jeden Deutschen darstellt. Sie erm\u00f6glicht eine Vielfalt von verbalen Auseinandersetzungen und freier Meinungs\u00e4u\u00dferung, frei von jeglicher Gewaltbereitschaft.<\/p>\n<p>(Beschluss der Kreismitgliederversammlung am 12.12.2008, Grundsatzprogramm, \u00a7 6)<\/p>\n<\/div>\n","protected":false},"excerpt":{"rendered":"<p>Die Grunds\u00e4tze der Jungen Union \u2013 im Kreis- und Stadtverband Goslar und orientieren sich an der Deutschen Leitkultur, die f\u00fchrendes Kennzeichen und verbindendes Element unserer Gesellschaft bleiben muss. Wir verstehen sie als eine Definition der folgenden, pr\u00e4genden Merkmale: a. Deutsche Sprache, weil sie die Basis der Kommunikation in Deutschland darstellt und ein Spiegelbild unserer geschichtlichen [&hellip;]<\/p>\n","protected":false},"author":1,"featured_media":0,"parent":18,"menu_order":0,"comment_status":"closed","ping_status":"closed","template":"","meta":{"footnotes":""},"class_list":["post-22","page","type-page","status-publish","hentry"],"_links":{"self":[{"href":"https:\/\/junge-union-goslar.de\/wordpress\/wp-json\/wp\/v2\/pages\/22","targetHints":{"allow":["GET"]}}],"collection":[{"href":"https:\/\/junge-union-goslar.de\/wordpress\/wp-json\/wp\/v2\/pages"}],"about":[{"href":"https:\/\/junge-union-goslar.de\/wordpress\/wp-json\/wp\/v2\/types\/page"}],"author":[{"embeddable":true,"href":"https:\/\/junge-union-goslar.de\/wordpress\/wp-json\/wp\/v2\/users\/1"}],"replies":[{"embeddable":true,"href":"https:\/\/junge-union-goslar.de\/wordpress\/wp-json\/wp\/v2\/comments?post=22"}],"version-history":[{"count":1,"href":"https:\/\/junge-union-goslar.de\/wordpress\/wp-json\/wp\/v2\/pages\/22\/revisions"}],"predecessor-version":[{"id":23,"href":"https:\/\/junge-union-goslar.de\/wordpress\/wp-json\/wp\/v2\/pages\/22\/revisions\/23"}],"up":[{"embeddable":true,"href":"https:\/\/junge-union-goslar.de\/wordpress\/wp-json\/wp\/v2\/pages\/18"}],"wp:attachment":[{"href":"https:\/\/junge-union-goslar.de\/wordpress\/wp-json\/wp\/v2\/media?parent=22"}],"curies":[{"name":"wp","href":"https:\/\/api.w.org\/{rel}","templated":true}]}}