{"id":26,"date":"2021-11-28T13:03:16","date_gmt":"2021-11-28T12:03:16","guid":{"rendered":"https:\/\/junge-union-goslar.de\/wordpress\/?page_id=26"},"modified":"2021-11-28T13:03:16","modified_gmt":"2021-11-28T12:03:16","slug":"warum-junge-union","status":"publish","type":"page","link":"https:\/\/junge-union-goslar.de\/wordpress\/die-ju\/warum-junge-union\/","title":{"rendered":"Warum Junge Union ?"},"content":{"rendered":"<div class=\"cduPostContent\">\n<p>Wir sind immer Ort<br \/>\nAls einzige politische Jugendorganisation sind wir in Deutschland fl\u00e4chendeckend vertreten. Dadurch k\u00f6nnen wir uns \u00fcberall dort einsetzen, wo wir gebraucht werden, vollkommen unabh\u00e4ngig davon, ob es nun um die Renovierung einer Sportanlage, die Rettung eines bedeutsamen Theaters oder den Ausbau des Busnetzes geht.<\/p>\n<p>Wir sind eine gro\u00dfe Gemeinschaft<br \/>\nMit knapp 120.000 Mitgliedern sind wir die gr\u00f6\u00dfte Jugendorganisation in Europa. Innerhalb dieses riesigen Netzwerkes hast Du die M\u00f6glichkeit, Dir Dein Eigenes aufzubauen und so wichtige Kontakte f\u00fcr die Zukunft zu kn\u00fcpfen. Aus diesen Kontakten entstehen sehr oft auch Freundschaften, die weit \u00fcber die Junge Union hinaus reichen.<\/p>\n<p>Bei uns immer was los<br \/>\nAuf politischen Veranstaltungen f\u00fchren wir sehr intensive inhaltliche Diskussionen \u00fcber aktuelle politische Themen und sind dabei immer auf der Suche nach den besten L\u00f6sungen. Doch wir beschr\u00e4nken uns nicht nur auf inhaltliche Debatten, sondern auch Partys, Kinoabende oder ein gem\u00fctliches Beisammensein geh\u00f6ren zu unseren Aktivit\u00e4ten. Diese finden jedoch nicht nur vor Ort, sondern auch auf Kreis-, Landes- oder Bundesebene statt.<\/p>\n<p>Du sammelst wertvolle Erfahrungen f\u00fcr Deine Zukunft<br \/>\nBei uns erh\u00e4ltst Du die M\u00f6glichkeit, politische Abl\u00e4ufe so hautnah zu erleben, dass Du erf\u00e4hrst, was alles \u201eim Hintergrund\u201c abl\u00e4uft. Die Erfahrungen, die Du bei uns sammelst, dienen dabei nicht nur Deiner politischen Weiterbildung. Sie bringen Dich auch im privaten und beruflichen Alltag erheblich weiter.<\/p>\n<\/div>\n","protected":false},"excerpt":{"rendered":"<p>Wir sind immer Ort Als einzige politische Jugendorganisation sind wir in Deutschland fl\u00e4chendeckend vertreten. Dadurch k\u00f6nnen wir uns \u00fcberall dort einsetzen, wo wir gebraucht werden, vollkommen unabh\u00e4ngig davon, ob es nun um die Renovierung einer Sportanlage, die Rettung eines bedeutsamen Theaters oder den Ausbau des Busnetzes geht. Wir sind eine gro\u00dfe Gemeinschaft Mit knapp 120.000 [&hellip;]<\/p>\n","protected":false},"author":1,"featured_media":0,"parent":18,"menu_order":0,"comment_status":"closed","ping_status":"closed","template":"","meta":{"footnotes":""},"class_list":["post-26","page","type-page","status-publish","hentry"],"_links":{"self":[{"href":"https:\/\/junge-union-goslar.de\/wordpress\/wp-json\/wp\/v2\/pages\/26","targetHints":{"allow":["GET"]}}],"collection":[{"href":"https:\/\/junge-union-goslar.de\/wordpress\/wp-json\/wp\/v2\/pages"}],"about":[{"href":"https:\/\/junge-union-goslar.de\/wordpress\/wp-json\/wp\/v2\/types\/page"}],"author":[{"embeddable":true,"href":"https:\/\/junge-union-goslar.de\/wordpress\/wp-json\/wp\/v2\/users\/1"}],"replies":[{"embeddable":true,"href":"https:\/\/junge-union-goslar.de\/wordpress\/wp-json\/wp\/v2\/comments?post=26"}],"version-history":[{"count":1,"href":"https:\/\/junge-union-goslar.de\/wordpress\/wp-json\/wp\/v2\/pages\/26\/revisions"}],"predecessor-version":[{"id":27,"href":"https:\/\/junge-union-goslar.de\/wordpress\/wp-json\/wp\/v2\/pages\/26\/revisions\/27"}],"up":[{"embeddable":true,"href":"https:\/\/junge-union-goslar.de\/wordpress\/wp-json\/wp\/v2\/pages\/18"}],"wp:attachment":[{"href":"https:\/\/junge-union-goslar.de\/wordpress\/wp-json\/wp\/v2\/media?parent=26"}],"curies":[{"name":"wp","href":"https:\/\/api.w.org\/{rel}","templated":true}]}}