{"id":9,"date":"2021-11-28T12:11:50","date_gmt":"2021-11-28T11:11:50","guid":{"rendered":"https:\/\/junge-union-goslar.de\/wordpress\/?page_id=9"},"modified":"2021-11-28T12:11:50","modified_gmt":"2021-11-28T11:11:50","slug":"impressum","status":"publish","type":"page","link":"https:\/\/junge-union-goslar.de\/wordpress\/impressum\/","title":{"rendered":"Impressum"},"content":{"rendered":"<div class=\"cduPostContent\">\n<h2>Impressum<\/h2>\n<p>Angaben gem\u00e4\u00df \u00a7 5 TMG:<\/p>\n<p><strong>Junge Union Goslar<\/strong><br \/>\nMarktstra\u00dfe 29<br \/>\n38640 Goslar<\/p>\n<table>\n<tbody>\n<tr>\n<td>Telefon<\/td>\n<td>\u00a0:<\/td>\n<td>05321 29021<\/td>\n<\/tr>\n<tr>\n<td>Fax<\/td>\n<td>\u00a0:<\/td>\n<td>05321 29023<\/td>\n<\/tr>\n<\/tbody>\n<\/table>\n<p>&nbsp;<\/p>\n<p>Verantwortlich f\u00fcr den Inhalt nach \u00a7 55 Abs. 2 RStV:<\/p>\n<p>Sebastian Skorzinski<\/p>\n<p>info@ju-goslar.de<\/p>\n<p>Bei dem Inhalt unserer Internetseiten handelt es sich um urheberrechtlich gesch\u00fctzte Werke. Wir gestatten die \u00dcbernahme von Texten in Datenbest\u00e4nde, die ausschlie\u00dflich f\u00fcr den privaten Gebrauch eines Nutzers bestimmt sind. Die \u00dcbernahme und Nutzung der Daten zu anderen Zwecken bedarf der schriftlichen Zustimmung.<\/p>\n<p><strong>Haftungshinweis:<\/strong><br \/>\nIm Rahmen unseres Dienstes werden auch Links zu Internetinhalten anderer Anbieter bereitgestellt. Auf den Inhalt dieser Seiten haben wir keinen Einfluss; f\u00fcr den Inhalt ist ausschlie\u00dflich der Betreiber der anderen Website verantwortlich. Trotz der \u00dcberpr\u00fcfung der Inhalte im gesetzlich gebotenen Rahmen m\u00fcssen wir daher jede Verantwortung f\u00fcr den Inhalt dieser Links bzw. der verlinkten Seite ablehnen.<\/p>\n<\/div>\n","protected":false},"excerpt":{"rendered":"<p>Impressum Angaben gem\u00e4\u00df \u00a7 5 TMG: Junge Union Goslar Marktstra\u00dfe 29 38640 Goslar Telefon \u00a0: 05321 29021 Fax \u00a0: 05321 29023 &nbsp; Verantwortlich f\u00fcr den Inhalt nach \u00a7 55 Abs. 2 RStV: Sebastian Skorzinski info@ju-goslar.de Bei dem Inhalt unserer Internetseiten handelt es sich um urheberrechtlich gesch\u00fctzte Werke. Wir gestatten die \u00dcbernahme von Texten in Datenbest\u00e4nde, [&hellip;]<\/p>\n","protected":false},"author":1,"featured_media":0,"parent":0,"menu_order":0,"comment_status":"closed","ping_status":"closed","template":"","meta":{"footnotes":""},"class_list":["post-9","page","type-page","status-publish","hentry"],"_links":{"self":[{"href":"https:\/\/junge-union-goslar.de\/wordpress\/wp-json\/wp\/v2\/pages\/9","targetHints":{"allow":["GET"]}}],"collection":[{"href":"https:\/\/junge-union-goslar.de\/wordpress\/wp-json\/wp\/v2\/pages"}],"about":[{"href":"https:\/\/junge-union-goslar.de\/wordpress\/wp-json\/wp\/v2\/types\/page"}],"author":[{"embeddable":true,"href":"https:\/\/junge-union-goslar.de\/wordpress\/wp-json\/wp\/v2\/users\/1"}],"replies":[{"embeddable":true,"href":"https:\/\/junge-union-goslar.de\/wordpress\/wp-json\/wp\/v2\/comments?post=9"}],"version-history":[{"count":1,"href":"https:\/\/junge-union-goslar.de\/wordpress\/wp-json\/wp\/v2\/pages\/9\/revisions"}],"predecessor-version":[{"id":10,"href":"https:\/\/junge-union-goslar.de\/wordpress\/wp-json\/wp\/v2\/pages\/9\/revisions\/10"}],"wp:attachment":[{"href":"https:\/\/junge-union-goslar.de\/wordpress\/wp-json\/wp\/v2\/media?parent=9"}],"curies":[{"name":"wp","href":"https:\/\/api.w.org\/{rel}","templated":true}]}}